{"id":61,"date":"2025-05-28T23:55:27","date_gmt":"2025-05-28T21:55:27","guid":{"rendered":"https:\/\/ikcus.ba\/?page_id=61"},"modified":"2025-05-31T02:00:56","modified_gmt":"2025-05-31T00:00:56","slug":"medicinsko-zracenje-informacije-za-pacijente-i-porodicu","status":"publish","type":"page","link":"https:\/\/ikcus.ba\/index.php\/medicinsko-zracenje-informacije-za-pacijente-i-porodicu\/","title":{"rendered":"Medicinsko zra\u010denje \u2013 informacije za pacijente i porodicu"},"content":{"rendered":"\t\t<div data-elementor-type=\"wp-page\" data-elementor-id=\"61\" class=\"elementor elementor-61\" data-elementor-post-type=\"page\">\n\t\t\t\t<div class=\"elementor-element elementor-element-b4f4f89 e-flex e-con-boxed e-con e-parent\" data-id=\"b4f4f89\" data-element_type=\"container\" data-e-type=\"container\">\n\t\t\t\t\t<div class=\"e-con-inner\">\n\t\t\t\t<div class=\"elementor-element elementor-element-c6e1c08 elementor-widget elementor-widget-text-editor\" data-id=\"c6e1c08\" data-element_type=\"widget\" data-e-type=\"widget\" data-widget_type=\"text-editor.default\">\n\t\t\t\t<div class=\"elementor-widget-container\">\n\t\t\t\t\t\t\t\t\t<p>Ako uskoro trebate obaviti medicinski pregled ili tretman koje uklju\u010duje upotrebu joniziraju\u0107eg zra\u010denja \u2013 poput rendgenskog snimanja, CT-a, pregleda na nuklearnoj medicini ili radioterapije \u2013 prirodno je osje\u0107ati odre\u0111enu nelagodu ili zabrinutost.\u00a0<\/p><p>Mnogima su izrazi poput \u201ezra\u010denje\u201c ili \u201eradioaktivnost\u201c nepoznati i izazivaju strah, ali va\u017eno je znati da se u medicini ove metode primjenjuju pa\u017eljivo, kontrolirano i s jasnim ciljem: postavljanje ta\u010dne dijagnoze ili pru\u017eanje u\u010dinkovite terapije.<\/p><p>Na ovoj stranici nalaze se jednostavno obja\u0161njeni odgovori na naj\u010de\u0161\u0107a pitanja o ovim procedurama. Na\u0161 cilj je da se osje\u0107ate sigurno, uklju\u010deno i informirano \u2013 jer razumijevanje onoga \u0161to vas o\u010dekuje smanjuje strah i ja\u010da povjerenje.<\/p>\t\t\t\t\t\t\t\t<\/div>\n\t\t\t\t<\/div>\n\t\t\t\t\t<\/div>\n\t\t\t\t<\/div>\n\t\t<div class=\"elementor-element elementor-element-8ecb23c e-grid e-con-boxed e-con e-parent\" data-id=\"8ecb23c\" data-element_type=\"container\" data-e-type=\"container\">\n\t\t\t\t\t<div class=\"e-con-inner\">\n\t\t\t\t<div class=\"elementor-element elementor-element-caa9c2c elementor-widget elementor-widget-image\" data-id=\"caa9c2c\" data-element_type=\"widget\" data-e-type=\"widget\" data-widget_type=\"image.default\">\n\t\t\t\t<div class=\"elementor-widget-container\">\n\t\t\t\t\t\t\t\t\t\t\t\t\t\t\t\t<a href=\"https:\/\/ikcus.ba\/index.php\/radiografija-ili-rendgensko-snimanje\/\">\n\t\t\t\t\t\t\t<img fetchpriority=\"high\" decoding=\"async\" width=\"600\" height=\"400\" src=\"https:\/\/ikcus.ba\/wp-content\/uploads\/2025\/05\/button_xray.webp\" class=\"attachment-full size-full wp-image-82\" alt=\"\" srcset=\"https:\/\/ikcus.ba\/wp-content\/uploads\/2025\/05\/button_xray.webp 600w, https:\/\/ikcus.ba\/wp-content\/uploads\/2025\/05\/button_xray-300x200.webp 300w\" sizes=\"(max-width: 600px) 100vw, 600px\" \/>\t\t\t\t\t\t\t\t<\/a>\n\t\t\t\t\t\t\t\t\t\t\t\t\t\t\t<\/div>\n\t\t\t\t<\/div>\n\t\t\t\t<div class=\"elementor-element elementor-element-d7790e1 elementor-widget elementor-widget-image\" data-id=\"d7790e1\" data-element_type=\"widget\" data-e-type=\"widget\" data-widget_type=\"image.default\">\n\t\t\t\t<div class=\"elementor-widget-container\">\n\t\t\t\t\t\t\t\t\t\t\t\t\t\t\t\t<a href=\"https:\/\/ikcus.ba\/index.php\/mamografija\/\">\n\t\t\t\t\t\t\t<img decoding=\"async\" width=\"601\" height=\"400\" src=\"https:\/\/ikcus.ba\/wp-content\/uploads\/2025\/05\/button_mammography.webp\" class=\"attachment-full size-full wp-image-79\" alt=\"\" srcset=\"https:\/\/ikcus.ba\/wp-content\/uploads\/2025\/05\/button_mammography.webp 601w, https:\/\/ikcus.ba\/wp-content\/uploads\/2025\/05\/button_mammography-300x200.webp 300w\" sizes=\"(max-width: 601px) 100vw, 601px\" \/>\t\t\t\t\t\t\t\t<\/a>\n\t\t\t\t\t\t\t\t\t\t\t\t\t\t\t<\/div>\n\t\t\t\t<\/div>\n\t\t\t\t<div class=\"elementor-element elementor-element-c2135eb elementor-widget elementor-widget-image\" data-id=\"c2135eb\" data-element_type=\"widget\" data-e-type=\"widget\" data-widget_type=\"image.default\">\n\t\t\t\t<div class=\"elementor-widget-container\">\n\t\t\t\t\t\t\t\t\t\t\t\t\t\t\t<img decoding=\"async\" width=\"601\" height=\"400\" src=\"https:\/\/ikcus.ba\/wp-content\/uploads\/2025\/05\/button_dental.webp\" class=\"attachment-full size-full wp-image-78\" alt=\"\" srcset=\"https:\/\/ikcus.ba\/wp-content\/uploads\/2025\/05\/button_dental.webp 601w, https:\/\/ikcus.ba\/wp-content\/uploads\/2025\/05\/button_dental-300x200.webp 300w\" sizes=\"(max-width: 601px) 100vw, 601px\" \/>\t\t\t\t\t\t\t\t\t\t\t\t\t\t\t<\/div>\n\t\t\t\t<\/div>\n\t\t\t\t<div class=\"elementor-element elementor-element-4d708d1 elementor-widget elementor-widget-image\" data-id=\"4d708d1\" data-element_type=\"widget\" data-e-type=\"widget\" data-widget_type=\"image.default\">\n\t\t\t\t<div class=\"elementor-widget-container\">\n\t\t\t\t\t\t\t\t\t\t\t\t\t\t\t\t<a href=\"https:\/\/ikcus.ba\/index.php\/nuklearna-medicina\/\">\n\t\t\t\t\t\t\t<img loading=\"lazy\" decoding=\"async\" width=\"600\" height=\"400\" src=\"https:\/\/ikcus.ba\/wp-content\/uploads\/2025\/05\/button_scintigraphy.webp\" class=\"attachment-full size-full wp-image-81\" alt=\"\" srcset=\"https:\/\/ikcus.ba\/wp-content\/uploads\/2025\/05\/button_scintigraphy.webp 600w, https:\/\/ikcus.ba\/wp-content\/uploads\/2025\/05\/button_scintigraphy-300x200.webp 300w\" sizes=\"(max-width: 600px) 100vw, 600px\" \/>\t\t\t\t\t\t\t\t<\/a>\n\t\t\t\t\t\t\t\t\t\t\t\t\t\t\t<\/div>\n\t\t\t\t<\/div>\n\t\t\t\t<div class=\"elementor-element elementor-element-bc8cab0 elementor-widget elementor-widget-image\" data-id=\"bc8cab0\" data-element_type=\"widget\" data-e-type=\"widget\" data-widget_type=\"image.default\">\n\t\t\t\t<div class=\"elementor-widget-container\">\n\t\t\t\t\t\t\t\t\t\t\t\t\t\t\t\t<a href=\"https:\/\/ikcus.ba\/index.php\/kompjuterizirana-tomografija-ct\/\">\n\t\t\t\t\t\t\t<img loading=\"lazy\" decoding=\"async\" width=\"600\" height=\"400\" src=\"https:\/\/ikcus.ba\/wp-content\/uploads\/2025\/05\/button_ct.webp\" class=\"attachment-full size-full wp-image-77\" alt=\"\" srcset=\"https:\/\/ikcus.ba\/wp-content\/uploads\/2025\/05\/button_ct.webp 600w, https:\/\/ikcus.ba\/wp-content\/uploads\/2025\/05\/button_ct-300x200.webp 300w\" sizes=\"(max-width: 600px) 100vw, 600px\" \/>\t\t\t\t\t\t\t\t<\/a>\n\t\t\t\t\t\t\t\t\t\t\t\t\t\t\t<\/div>\n\t\t\t\t<\/div>\n\t\t\t\t<div class=\"elementor-element elementor-element-28ec8a7 elementor-widget elementor-widget-image\" data-id=\"28ec8a7\" data-element_type=\"widget\" data-e-type=\"widget\" data-widget_type=\"image.default\">\n\t\t\t\t<div class=\"elementor-widget-container\">\n\t\t\t\t\t\t\t\t\t\t\t\t\t\t\t\t<a href=\"https:\/\/ikcus.ba\/index.php\/radioterapija\/\">\n\t\t\t\t\t\t\t<img loading=\"lazy\" decoding=\"async\" width=\"600\" height=\"400\" src=\"https:\/\/ikcus.ba\/wp-content\/uploads\/2025\/05\/button_radiotherapy.webp\" class=\"attachment-full size-full wp-image-80\" alt=\"\" srcset=\"https:\/\/ikcus.ba\/wp-content\/uploads\/2025\/05\/button_radiotherapy.webp 600w, https:\/\/ikcus.ba\/wp-content\/uploads\/2025\/05\/button_radiotherapy-300x200.webp 300w\" sizes=\"(max-width: 600px) 100vw, 600px\" \/>\t\t\t\t\t\t\t\t<\/a>\n\t\t\t\t\t\t\t\t\t\t\t\t\t\t\t<\/div>\n\t\t\t\t<\/div>\n\t\t\t\t\t<\/div>\n\t\t\t\t<\/div>\n\t\t\t\t<\/div>\n\t\t","protected":false},"excerpt":{"rendered":"<p>Ako uskoro trebate obaviti medicinski pregled ili tretman koje uklju\u010duje upotrebu joniziraju\u0107eg zra\u010denja \u2013 poput rendgenskog snimanja, CT-a, pregleda na nuklearnoj medicini ili radioterapije \u2013 prirodno je osje\u0107ati odre\u0111enu nelagodu ili zabrinutost.\u00a0 Mnogima su izrazi poput \u201ezra\u010denje\u201c ili \u201eradioaktivnost\u201c nepoznati i izazivaju strah, ali va\u017eno je znati da se u medicini ove metode primjenjuju pa\u017eljivo, [&hellip;]<\/p>\n","protected":false},"author":1,"featured_media":0,"parent":0,"menu_order":0,"comment_status":"closed","ping_status":"closed","template":"","meta":{"footnotes":""},"class_list":["post-61","page","type-page","status-publish","hentry"],"_links":{"self":[{"href":"https:\/\/ikcus.ba\/index.php\/wp-json\/wp\/v2\/pages\/61","targetHints":{"allow":["GET"]}}],"collection":[{"href":"https:\/\/ikcus.ba\/index.php\/wp-json\/wp\/v2\/pages"}],"about":[{"href":"https:\/\/ikcus.ba\/index.php\/wp-json\/wp\/v2\/types\/page"}],"author":[{"embeddable":true,"href":"https:\/\/ikcus.ba\/index.php\/wp-json\/wp\/v2\/users\/1"}],"replies":[{"embeddable":true,"href":"https:\/\/ikcus.ba\/index.php\/wp-json\/wp\/v2\/comments?post=61"}],"version-history":[{"count":30,"href":"https:\/\/ikcus.ba\/index.php\/wp-json\/wp\/v2\/pages\/61\/revisions"}],"predecessor-version":[{"id":276,"href":"https:\/\/ikcus.ba\/index.php\/wp-json\/wp\/v2\/pages\/61\/revisions\/276"}],"wp:attachment":[{"href":"https:\/\/ikcus.ba\/index.php\/wp-json\/wp\/v2\/media?parent=61"}],"curies":[{"name":"wp","href":"https:\/\/api.w.org\/{rel}","templated":true}]}}