{"id":141,"date":"2025-05-29T15:42:03","date_gmt":"2025-05-29T13:42:03","guid":{"rendered":"https:\/\/ikcus.ba\/?page_id=141"},"modified":"2025-05-31T01:35:07","modified_gmt":"2025-05-30T23:35:07","slug":"pravilnici","status":"publish","type":"page","link":"https:\/\/ikcus.ba\/index.php\/pravilnici\/","title":{"rendered":"Pravilnici"},"content":{"rendered":"\t\t<div data-elementor-type=\"wp-page\" data-elementor-id=\"141\" class=\"elementor elementor-141\" data-elementor-post-type=\"page\">\n\t\t\t\t<div class=\"elementor-element elementor-element-62b0296 e-flex e-con-boxed e-con e-parent\" data-id=\"62b0296\" data-element_type=\"container\" data-e-type=\"container\">\n\t\t\t\t\t<div class=\"e-con-inner\">\n\t\t\t\t<div class=\"elementor-element elementor-element-de3d0b9 elementor-widget elementor-widget-text-editor\" data-id=\"de3d0b9\" data-element_type=\"widget\" data-e-type=\"widget\" data-widget_type=\"text-editor.default\">\n\t\t\t\t<div class=\"elementor-widget-container\">\n\t\t\t\t\t\t\t\t\t<ul>\n  <li><a href=\"https:\/\/darns.gov.ba\/bs\/LegislationAndDocuments\/DBDownloadFile?path=c%3A%5C%5CDARNS%5CSekcije%5CBosanski_2252024232423.pdf&amp;name=Pravilnik%20o%20izmjeni%20i%20dopuni%20Pravilnika%20o%20slu%C5%BEbi%20za%20za%C5%A1titu%20od%20zra%C4%8Denja%20i%20medicinsku%20fiziku%20\">Pravilnik o izmjeni i dopuni Pravilnika o slu\u017ebi za za\u0161titu od zra\u010denja i medicinsku fiziku<\/a><\/li>\n  <li><a href=\"https:\/\/darns.gov.ba\/bs\/LegislationAndDocuments\/DownloadFile?fileName=PRAVILNIK_O_INSPEKCIJI_BOSANSKI.pdf\">Pravilnik o inspekcijskom nadzoru u oblasti radijacijske i nuklearne sigurnosti<\/a><\/li>\n  <li><a href=\"https:\/\/darns.gov.ba\/bs\/LegislationAndDocuments\/DownloadFile?fileName=Pravilnik_o_notifikaciji_i_autorizaciji_BOSANSKI.pdf\">Pravilnik o notifikaciji i autorizaciji djelatnosti sa izvorima joniziraju\u0107eg zra\u010denja<\/a><\/li>\n  <li><a href=\"https:\/\/darns.gov.ba\/bs\/LegislationAndDocuments\/DownloadFile?fileName=Pravilnik_o_uslovima_za_promet_i_koristenje_BOSANSKI.pdf\">Pravilnik o uslovima za promet i kori\u0161tenje izvora joniziraju\u0107eg zra\u010denja<\/a><\/li>\n  <li><a href=\"https:\/\/darns.gov.ba\/bs\/LegislationAndDocuments\/DownloadFile?fileName=Pravilnik_o_zastiti_od_joniz_zracenja_kod_med_ekspozicije_bosanski.pdf\">Pravilnik o za\u0161titi od joniziraju\u0107eg zra\u010denja kod medicinske ekspozicije<\/a><\/li>\n  <li><a href=\"https:\/\/darns.gov.ba\/bs\/LegislationAndDocuments\/DownloadFile?fileName=Pravilnik_o_kategorizaciji_radijacionih_prijetnji_bosanski.pdf\">Pravilnik o kategorizaciji radijacijskih prijetnji<\/a><\/li>\n  <li><a href=\"https:\/\/darns.gov.ba\/bs\/LegislationAndDocuments\/DownloadFile?fileName=Pravilnik_o_zzpis_bosanski.pdf\">Pravilnik o za\u0161titi od zra\u010denja kod profesionalne ekspozicije i ekspozicije stanovni\u0161tva<\/a><\/li>\n  <li><a href=\"https:\/\/darns.gov.ba\/bs\/LegislationAndDocuments\/DownloadFile?fileName=Model_za_procjenu_efektivne_doze.pdf\">Model za procjenu efektivne doze<\/a><\/li>\n  <li>Pravilnik o autorizaciji pravnih lica koja obavljaju zdravstvene preglede i na\u010dinu obavljanja zdravstvenih pregleda lica profesionalno izlo\u017eenih joniziraju\u0107em zra\u010denju (Stavljeno van snage)<\/li>\n  <li><a href=\"https:\/\/darns.gov.ba\/bs\/LegislationAndDocuments\/DownloadFile?fileName=HASS_bosanski.pdf\">Pravilnik o kontroli zatvorenih radioaktivnih izvora visoke aktivnosti i izvora nepoznatog vlasnika<\/a><\/li>\n  <li><a href=\"https:\/\/darns.gov.ba\/bs\/LegislationAndDocuments\/DownloadFile?fileName=Pravilnik_o_evidencijama_bosanski.pdf\">Pravilnik o na\u010dinu vo\u0111enja evidencija pravnih lica koja obavljaju djelatnost sa izvorima joniziraju\u0107ih zra\u010denja<\/a><\/li>\n  <li><a href=\"https:\/\/darns.gov.ba\/bs\/LegislationAndDocuments\/PravilnikEvidencije_formulari\">Formulari za evidenciju<\/a><\/li>\n  <li><a href=\"https:\/\/darns.gov.ba\/bs\/LegislationAndDocuments\/DownloadFile?fileName=Pravilnik_o_transportu_radioaktivnih_materijala_bosanski.pdf\">Pravilnik o sigurnosti transporta radioaktivnih materijala<\/a><\/li>\n  <li><a href=\"https:\/\/darns.gov.ba\/bs\/LegislationAndDocuments\/DownloadFile?fileName=bezbjednost_bs.pdf\">Pravilnik o bezbjednosti nuklearnog materijala i radioaktivnih izvora<\/a><\/li>\n  <li><a href=\"https:\/\/darns.gov.ba\/bs\/LegislationAndDocuments\/DownloadFile?fileName=Pravilnik_o_granicama_radionuklida_bosanski.pdf\">Pravilnik o granicama sadr\u017eaja radionuklida u hrani, hrani za \u017eivotinje, lijekovima, predmetima op\u0107e upotrebe, gra\u0111evinskom materijalu i drugoj robi koja se stavlja u promet<\/a><\/li>\n  <li><a href=\"https:\/\/darns.gov.ba\/bs\/LegislationAndDocuments\/DownloadFile?fileName=Pravilnik_o_monitoringu_radioaktivnosti_u_zivotnoj_sredini_bosanski.pdf\">Pravilnik o monitoringu radioaktivnosti u okoli\u0161u<\/a><\/li>\n  <li><a href=\"https:\/\/darns.gov.ba\/bs\/LegislationAndDocuments\/DownloadFile?fileName=Pravilnik_o_priznavanju_statusa_bosanski.pdf\">Pravilnik o priznavanju statusa kvalificiranog eksperta<\/a><\/li>\n  <li><a href=\"https:\/\/darns.gov.ba\/bs\/LegislationAndDocuments\/DownloadFile?fileName=puro_bs.pdf\">Pravilnik o upravljanju radioaktivnim otpadom<\/a><\/li>\n  <li><a href=\"https:\/\/darns.gov.ba\/bs\/LegislationAndDocuments\/DownloadFile?fileName=ptszjz_bs.pdf\">Pravilnik o tehni\u010dkim servisima za za\u0161titu od joniziraju\u0107eg zra\u010denja<\/a><\/li>\n  <li><a href=\"https:\/\/darns.gov.ba\/bs\/LegislationAndDocuments\/DownloadFile?fileName=pozjz_bs.pdf\">Pravilnik o obuci iz za\u0161tite od joniziraju\u0107eg zra\u010denja<\/a><\/li>\n  <li><a href=\"https:\/\/darns.gov.ba\/bs\/LegislationAndDocuments\/DownloadFile?fileName=pznlpijz_bs.pdf\">Pravilnik o zdravstvenom nadzoru lica profesionalno izlo\u017eenih joniziraju\u0107eg zra\u010denju<\/a><\/li>\n  <li><a href=\"https:\/\/darns.gov.ba\/bs\/LegislationAndDocuments\/DownloadFile?fileName=sluzbe_bs.pdf\">Pravilnik o Slu\u017ebi za za\u0161titu od zra\u010denja i medicinsku fiziku<\/a><\/li>\n  <li><a href=\"https:\/\/darns.gov.ba\/bs\/LegislationAndDocuments\/DownloadFile?fileName=osobe_bs.pdf\">Pravilnik o licu odgovornom za za\u0161titu od zra\u010denja<\/a><\/li>\n  <li><a href=\"https:\/\/darns.gov.ba\/bs\/LegislationAndDocuments\/DownloadFile?fileName=registar_bs.pdf\">Pravilnik o Dr\u017eavnom registru lica izlo\u017eenih joniziraju\u0107em zra\u010denju<\/a><\/li>\n  <li><a href=\"https:\/\/darns.gov.ba\/bs\/LegislationAndDocuments\/DownloadFile?fileName=vanjski_radnici_bs.pdf\">Pravilnik o za\u0161titi od zra\u010denja vanjskih radnika<\/a><\/li>\n  <li><a href=\"https:\/\/darns.gov.ba\/bs\/LegislationAndDocuments\/DownloadFile?fileName=Pravilnik_o_vanrednim_dogadjajima_bs.pdf\">Pravilnik o vanrednim radiolo\u0161kim doga\u0111ajima u djelatnostima sa izvorima joniziraju\u0107eg zra\u010denja<\/a><\/li>\n  <li><a href=\"https:\/\/darns.gov.ba\/bs\/LegislationAndDocuments\/DownloadFile?fileName=Pravilnik_o_pecacenju_bosanski.pdf\">Pravilnik o uslovima i na\u010dinu pe\u010da\u0107enja poslovnih prostorija i sredstava za rad subjekta nadzora<\/a><\/li>\n  <li><a href=\"https:\/\/darns.gov.ba\/bs\/LegislationAndDocuments\/DownloadFile?fileName=pravilnik_o_izmjenama_pravilnika_o_pecacenju_bosanski.pdf\">Pravilnik o izmjeni i dopuni pravilnika o uslovima i na\u010dinu pe\u010da\u0107enja poslovnih prostorija i sredstava za rad subjekta nadzora u Dr\u017eavnoj regulatornoj agenciji za radijacijsku i nuklearnu sigurnost<\/a><\/li>\n  <li><a href=\"https:\/\/darns.gov.ba\/bs\/LegislationAndDocuments\/DownloadFile?fileName=pravilnik_obuka2018_bs.pdf\">Pravilnik o izmjenama i dopunama Pravilnika o obuci iz za\u0161tite od joniziraju\u0107eg zra\u010denja<\/a><\/li>\n<\/ul>\n\t\t\t\t\t\t\t\t<\/div>\n\t\t\t\t<\/div>\n\t\t\t\t\t<\/div>\n\t\t\t\t<\/div>\n\t\t\t\t<\/div>\n\t\t","protected":false},"excerpt":{"rendered":"<p>Pravilnik o izmjeni i dopuni Pravilnika o slu\u017ebi za za\u0161titu od zra\u010denja i medicinsku fiziku Pravilnik o inspekcijskom nadzoru u oblasti radijacijske i nuklearne sigurnosti Pravilnik o notifikaciji i autorizaciji djelatnosti sa izvorima joniziraju\u0107eg zra\u010denja Pravilnik o uslovima za promet i kori\u0161tenje izvora joniziraju\u0107eg zra\u010denja Pravilnik o za\u0161titi od joniziraju\u0107eg zra\u010denja kod medicinske ekspozicije Pravilnik [&hellip;]<\/p>\n","protected":false},"author":3,"featured_media":0,"parent":0,"menu_order":0,"comment_status":"closed","ping_status":"closed","template":"","meta":{"footnotes":""},"class_list":["post-141","page","type-page","status-publish","hentry"],"_links":{"self":[{"href":"https:\/\/ikcus.ba\/index.php\/wp-json\/wp\/v2\/pages\/141","targetHints":{"allow":["GET"]}}],"collection":[{"href":"https:\/\/ikcus.ba\/index.php\/wp-json\/wp\/v2\/pages"}],"about":[{"href":"https:\/\/ikcus.ba\/index.php\/wp-json\/wp\/v2\/types\/page"}],"author":[{"embeddable":true,"href":"https:\/\/ikcus.ba\/index.php\/wp-json\/wp\/v2\/users\/3"}],"replies":[{"embeddable":true,"href":"https:\/\/ikcus.ba\/index.php\/wp-json\/wp\/v2\/comments?post=141"}],"version-history":[{"count":4,"href":"https:\/\/ikcus.ba\/index.php\/wp-json\/wp\/v2\/pages\/141\/revisions"}],"predecessor-version":[{"id":220,"href":"https:\/\/ikcus.ba\/index.php\/wp-json\/wp\/v2\/pages\/141\/revisions\/220"}],"wp:attachment":[{"href":"https:\/\/ikcus.ba\/index.php\/wp-json\/wp\/v2\/media?parent=141"}],"curies":[{"name":"wp","href":"https:\/\/api.w.org\/{rel}","templated":true}]}}